{"id":305,"date":"2020-01-27T10:08:18","date_gmt":"2020-01-27T09:08:18","guid":{"rendered":"https:\/\/grundwasser-tuggen.ch\/?page_id=305"},"modified":"2020-01-28T17:28:17","modified_gmt":"2020-01-28T16:28:17","slug":"ueber-uns","status":"publish","type":"page","link":"https:\/\/grundwasser-tuggen.ch\/index.php\/ueber-uns\/","title":{"rendered":"\u00dcber uns"},"content":{"rendered":"<p style=\"padding-left: 40px;\">Wir sind eine Gruppe Gleichgesinnter, welche sich f\u00fcr den Schutz<\/p>\n<ul>\n<li style=\"list-style-type: none;\">\n<ul>\n<li>der Bev\u00f6lkerung<\/li>\n<li>des Grundwassers<\/li>\n<li>der Landwirtschaftsfl\u00e4che<\/li>\n<li>des Landschaftsbildes<\/li>\n<li>der Wildtiere<\/li>\n<\/ul>\n<\/li>\n<\/ul>\n<p style=\"padding-left: 40px;\">einsetzt.<\/p>\n<p>&nbsp;<\/p>\n<h5 style=\"padding-left: 40px;\"><span style=\"color: #000080;\">Unsere Ziele<\/span><\/h5>\n<ul>\n<li style=\"list-style-type: none;\">\n<ul>\n<li>Als Betroffene streben wir eine schnellstm\u00f6gliche Entlastung von den Betriebs Immissionen aus dem Kiesabbau und den Deponien an.<\/li>\n<li>S\u00e4mtliche Vertragsvereinbarungen und Gesetze sind einzuhalten.<\/li>\n<li>Zum Schutz unserer sch\u00f6nen Natur am Buechberg und unserer Ressourcen streben wir eine nachhaltige, bestm\u00f6gliche Rekultivierung der bestehenden Gruben an.<\/li>\n<li>Deshalb schlagen wir f\u00fcr die Richtplanung und sp\u00e4tere Anpassung des Zonenplans die Streichung der Abbau- und Deponiezonen am Buechberg vor. Auch sogenannt \u2018unverschmutzter Aushub\u2019 kann nie vollst\u00e4ndig kontrolliert werden. Er birgt immer die Gefahr, dass sp\u00e4ter einmal giftiges Sickerwasser von der Deponie ins Grundwasser gelangt.<\/li>\n<li>Die bestehenden Gruben sollen deshalb grossfl\u00e4chig aufgeforstet werden. So k\u00f6nnen die h\u00e4sslichen Narben in der Landschaft verheilen \u2013 und es braucht kein risikobehaftetes Einbringen von Fremdmaterial mehr.<\/li>\n<li>Wald ist der beste Grundwasserschutz \u2013 er k\u00f6nnte sogar den zu tiefen Materialabbau in der notwendigen Kies-Schutzschicht mit einfachsten Mitteln und f\u00fcr alle Zeit heilen.<\/li>\n<li>Die noch unangetastete Landwirtschaftsfl\u00e4che ist unbedingt beizubehalten.<\/li>\n<\/ul>\n<\/li>\n<\/ul>\n","protected":false},"excerpt":{"rendered":"<p>Wir sind eine Gruppe Gleichgesinnter, welche sich f\u00fcr den Schutz der Bev\u00f6lkerung des Grundwassers der Landwirtschaftsfl\u00e4che des Landschaftsbildes der Wildtiere einsetzt. &nbsp; Unsere Ziele Als Betroffene streben wir eine schnellstm\u00f6gliche Entlastung von den Betriebs Immissionen aus dem Kiesabbau und den Deponien an. S\u00e4mtliche Vertragsvereinbarungen und Gesetze sind einzuhalten. Zum Schutz unserer sch\u00f6nen Natur am Buechberg [&hellip;]<\/p>\n","protected":false},"author":1,"featured_media":0,"parent":0,"menu_order":7,"comment_status":"closed","ping_status":"closed","template":"","meta":{"site-sidebar-layout":"default","site-content-layout":"default","ast-site-content-layout":"default","site-content-style":"default","site-sidebar-style":"default","ast-global-header-display":"","ast-banner-title-visibility":"","ast-main-header-display":"","ast-hfb-above-header-display":"","ast-hfb-below-header-display":"","ast-hfb-mobile-header-display":"","site-post-title":"","ast-breadcrumbs-content":"","ast-featured-img":"","footer-sml-layout":"","ast-disable-related-posts":"","theme-transparent-header-meta":"default","adv-header-id-meta":"","stick-header-meta":"","header-above-stick-meta":"","header-main-stick-meta":"","header-below-stick-meta":"","astra-migrate-meta-layouts":"default","ast-page-background-enabled":"default","ast-page-background-meta":{"desktop":{"background-color":"","background-image":"","background-repeat":"repeat","background-position":"center center","background-size":"auto","background-attachment":"scroll","background-type":"","background-media":"","overlay-type":"","overlay-color":"","overlay-opacity":"","overlay-gradient":""},"tablet":{"background-color":"","background-image":"","background-repeat":"repeat","background-position":"center center","background-size":"auto","background-attachment":"scroll","background-type":"","background-media":"","overlay-type":"","overlay-color":"","overlay-opacity":"","overlay-gradient":""},"mobile":{"background-color":"","background-image":"","background-repeat":"repeat","background-position":"center center","background-size":"auto","background-attachment":"scroll","background-type":"","background-media":"","overlay-type":"","overlay-color":"","overlay-opacity":"","overlay-gradient":""}},"ast-content-background-meta":{"desktop":{"background-color":"var(--ast-global-color-5)","background-image":"","background-repeat":"repeat","background-position":"center center","background-size":"auto","background-attachment":"scroll","background-type":"","background-media":"","overlay-type":"","overlay-color":"","overlay-opacity":"","overlay-gradient":""},"tablet":{"background-color":"var(--ast-global-color-5)","background-image":"","background-repeat":"repeat","background-position":"center center","background-size":"auto","background-attachment":"scroll","background-type":"","background-media":"","overlay-type":"","overlay-color":"","overlay-opacity":"","overlay-gradient":""},"mobile":{"background-color":"var(--ast-global-color-5)","background-image":"","background-repeat":"repeat","background-position":"center center","background-size":"auto","background-attachment":"scroll","background-type":"","background-media":"","overlay-type":"","overlay-color":"","overlay-opacity":"","overlay-gradient":""}},"footnotes":""},"class_list":["post-305","page","type-page","status-publish","hentry"],"_links":{"self":[{"href":"https:\/\/grundwasser-tuggen.ch\/index.php\/wp-json\/wp\/v2\/pages\/305","targetHints":{"allow":["GET"]}}],"collection":[{"href":"https:\/\/grundwasser-tuggen.ch\/index.php\/wp-json\/wp\/v2\/pages"}],"about":[{"href":"https:\/\/grundwasser-tuggen.ch\/index.php\/wp-json\/wp\/v2\/types\/page"}],"author":[{"embeddable":true,"href":"https:\/\/grundwasser-tuggen.ch\/index.php\/wp-json\/wp\/v2\/users\/1"}],"replies":[{"embeddable":true,"href":"https:\/\/grundwasser-tuggen.ch\/index.php\/wp-json\/wp\/v2\/comments?post=305"}],"version-history":[{"count":6,"href":"https:\/\/grundwasser-tuggen.ch\/index.php\/wp-json\/wp\/v2\/pages\/305\/revisions"}],"predecessor-version":[{"id":431,"href":"https:\/\/grundwasser-tuggen.ch\/index.php\/wp-json\/wp\/v2\/pages\/305\/revisions\/431"}],"wp:attachment":[{"href":"https:\/\/grundwasser-tuggen.ch\/index.php\/wp-json\/wp\/v2\/media?parent=305"}],"curies":[{"name":"wp","href":"https:\/\/api.w.org\/{rel}","templated":true}]}}